{"id":2,"date":"2015-12-01T13:09:58","date_gmt":"2015-12-01T12:09:58","guid":{"rendered":""},"modified":"2017-01-23T14:01:34","modified_gmt":"2017-01-23T13:01:34","slug":"beispiel-seite","status":"publish","type":"page","link":"http:\/\/www.hallergaragen.at\/wp\/?page_id=2","title":{"rendered":"elektrische Tore"},"content":{"rendered":"<p>Alle unsere Garagenboxen sind mit einem elektrischen Tor\u00f6ffner versehen.<\/p>\n<p>Sie k\u00f6nnen das Garagentor bequem per Fernsteuerung \u00f6ffen und schlie\u00dfen.<\/p>\n<p><a href=\"http:\/\/www.hallergaragen.at\/wp\/wp-content\/uploads\/2015\/12\/20151101-_MG_8423-Bearbeitet.jpg\"><img loading=\"lazy\" decoding=\"async\" class=\"size-thumbnail wp-image-45 alignleft\" src=\"http:\/\/www.hallergaragen.at\/wp\/wp-content\/uploads\/2015\/12\/20151101-_MG_8423-Bearbeitet-150x150.jpg\" alt=\"20151101-_MG_8423-Bearbeitet\" width=\"150\" height=\"150\" \/><\/a><\/p>\n<p><a href=\"http:\/\/www.hallergaragen.at\/wp\/wp-content\/uploads\/2015\/12\/20151101-_MG_8425-e1449056055888.jpg\"><img loading=\"lazy\" decoding=\"async\" class=\"size-thumbnail wp-image-47 alignleft\" src=\"http:\/\/www.hallergaragen.at\/wp\/wp-content\/uploads\/2015\/12\/20151101-_MG_8425-e1449056055888-150x150.jpg\" alt=\"20151101-_MG_8425\" width=\"150\" height=\"150\" \/><\/a> <a href=\"http:\/\/www.hallergaragen.at\/wp\/wp-content\/uploads\/2015\/12\/20151101-_MG_8426.jpg\"><img loading=\"lazy\" decoding=\"async\" class=\"size-thumbnail wp-image-48 alignleft\" src=\"http:\/\/www.hallergaragen.at\/wp\/wp-content\/uploads\/2015\/12\/20151101-_MG_8426-150x150.jpg\" alt=\"20151101-_MG_8426\" width=\"150\" height=\"150\" \/><\/a><\/p>\n","protected":false},"excerpt":{"rendered":"<p>Alle unsere Garagenboxen sind mit einem elektrischen Tor\u00f6ffner versehen. Sie k\u00f6nnen das Garagentor bequem per Fernsteuerung \u00f6ffen und schlie\u00dfen.<\/p>\n","protected":false},"author":1,"featured_media":47,"parent":0,"menu_order":0,"comment_status":"closed","ping_status":"open","template":"","meta":{"footnotes":""},"aioseo_notices":[],"_links":{"self":[{"href":"http:\/\/www.hallergaragen.at\/wp\/index.php?rest_route=\/wp\/v2\/pages\/2"}],"collection":[{"href":"http:\/\/www.hallergaragen.at\/wp\/index.php?rest_route=\/wp\/v2\/pages"}],"about":[{"href":"http:\/\/www.hallergaragen.at\/wp\/index.php?rest_route=\/wp\/v2\/types\/page"}],"author":[{"embeddable":true,"href":"http:\/\/www.hallergaragen.at\/wp\/index.php?rest_route=\/wp\/v2\/users\/1"}],"replies":[{"embeddable":true,"href":"http:\/\/www.hallergaragen.at\/wp\/index.php?rest_route=%2Fwp%2Fv2%2Fcomments&post=2"}],"version-history":[{"count":14,"href":"http:\/\/www.hallergaragen.at\/wp\/index.php?rest_route=\/wp\/v2\/pages\/2\/revisions"}],"predecessor-version":[{"id":64,"href":"http:\/\/www.hallergaragen.at\/wp\/index.php?rest_route=\/wp\/v2\/pages\/2\/revisions\/64"}],"wp:featuredmedia":[{"embeddable":true,"href":"http:\/\/www.hallergaragen.at\/wp\/index.php?rest_route=\/wp\/v2\/media\/47"}],"wp:attachment":[{"href":"http:\/\/www.hallergaragen.at\/wp\/index.php?rest_route=%2Fwp%2Fv2%2Fmedia&parent=2"}],"curies":[{"name":"wp","href":"https:\/\/api.w.org\/{rel}","templated":true}]}}